{"id":8241,"date":"2019-11-03T05:49:44","date_gmt":"2019-11-03T03:49:44","guid":{"rendered":"https:\/\/finanpa.com\/greitos-paskolos-internetu\/"},"modified":"2020-12-13T10:46:52","modified_gmt":"2020-12-13T08:46:52","slug":"greitos-paskolos-internetu","status":"publish","type":"page","link":"https:\/\/finanpa.com\/de\/","title":{"rendered":"Finanzdienstleister einfach online vergleichen"},"content":{"rendered":"\t\t<div data-elementor-type=\"wp-post\" data-elementor-id=\"8241\" class=\"elementor elementor-8241 elementor-4074\">\n\t\t\t\t\t\t<section class=\"elementor-section elementor-top-section elementor-element elementor-element-2398a478 elementor-section-boxed elementor-section-height-default elementor-section-height-default\" data-id=\"2398a478\" data-element_type=\"section\" data-e-type=\"section\" data-settings=\"{&quot;background_background&quot;:&quot;gradient&quot;}\">\n\t\t\t\t\t\t<div class=\"elementor-container elementor-column-gap-default\">\n\t\t\t\t\t<div class=\"elementor-column elementor-col-100 elementor-top-column elementor-element elementor-element-2e5f9b74\" data-id=\"2e5f9b74\" data-element_type=\"column\" data-e-type=\"column\">\n\t\t\t<div class=\"elementor-widget-wrap elementor-element-populated\">\n\t\t\t\t\t\t<section class=\"elementor-section elementor-inner-section elementor-element elementor-element-48f7df8 elementor-section-boxed elementor-section-height-default elementor-section-height-default\" data-id=\"48f7df8\" data-element_type=\"section\" data-e-type=\"section\">\n\t\t\t\t\t\t<div class=\"elementor-container elementor-column-gap-default\">\n\t\t\t\t\t<div class=\"elementor-column elementor-col-100 elementor-inner-column elementor-element elementor-element-2d9c7c9 el-calc250\" data-id=\"2d9c7c9\" data-element_type=\"column\" data-e-type=\"column\">\n\t\t\t<div class=\"elementor-widget-wrap elementor-element-populated\">\n\t\t\t\t\t\t<div class=\"elementor-element elementor-element-aa0054f elementor-widget__width-auto elementor-absolute animationspeed0 elementor-hidden-phone elementor-widget elementor-widget-spacer\" data-id=\"aa0054f\" data-element_type=\"widget\" data-e-type=\"widget\" data-settings=\"{&quot;_position&quot;:&quot;absolute&quot;}\" data-widget_type=\"spacer.default\">\n\t\t\t\t<div class=\"elementor-widget-container\">\n\t\t\t\t\t\t\t<div class=\"elementor-spacer\">\n\t\t\t<div class=\"elementor-spacer-inner\"><\/div>\n\t\t<\/div>\n\t\t\t\t\t\t<\/div>\n\t\t\t\t<\/div>\n\t\t\t\t<div class=\"elementor-element elementor-element-13e74aa elementor-widget elementor-widget-heading\" data-id=\"13e74aa\" data-element_type=\"widget\" data-e-type=\"widget\" data-widget_type=\"heading.default\">\n\t\t\t\t<div class=\"elementor-widget-container\">\n\t\t\t\t\t<h1 class=\"elementor-heading-title elementor-size-default\">Finanzdienstleister einfach online vergleichen<\/h1>\t\t\t\t<\/div>\n\t\t\t\t<\/div>\n\t\t\t\t<div class=\"elementor-element elementor-element-b40c419 elementor-widget elementor-widget-heading\" data-id=\"b40c419\" data-element_type=\"widget\" data-e-type=\"widget\" data-widget_type=\"heading.default\">\n\t\t\t\t<div class=\"elementor-widget-container\">\n\t\t\t\t\t<h3 class=\"elementor-heading-title elementor-size-default\"><b>Spar dir Zeit und Geld! Vergleiche Online-Kreditgeber, Investitionsplattformen und andere Finanzdienstleister ganz einfach auf einen Blick!<b><\/h3>\t\t\t\t<\/div>\n\t\t\t\t<\/div>\n\t\t\t\t\t<\/div>\n\t\t<\/div>\n\t\t\t\t\t<\/div>\n\t\t<\/section>\n\t\t\t\t\t<\/div>\n\t\t<\/div>\n\t\t\t\t\t<\/div>\n\t\t<\/section>\n\t\t\t\t<section class=\"elementor-section elementor-top-section elementor-element elementor-element-5e13a7c elementor-section-boxed elementor-section-height-default elementor-section-height-default\" data-id=\"5e13a7c\" data-element_type=\"section\" data-e-type=\"section\">\n\t\t\t\t\t\t<div class=\"elementor-container elementor-column-gap-default\">\n\t\t\t\t\t<div class=\"elementor-column elementor-col-100 elementor-top-column elementor-element elementor-element-78fe474\" data-id=\"78fe474\" data-element_type=\"column\" data-e-type=\"column\">\n\t\t\t<div class=\"elementor-widget-wrap elementor-element-populated\">\n\t\t\t\t\t\t<div class=\"elementor-element elementor-element-0512e04 elementor-widget elementor-widget-small_thumb_loop\" data-id=\"0512e04\" data-element_type=\"widget\" data-e-type=\"widget\" data-widget_type=\"small_thumb_loop.default\">\n\t\t\t\t<div class=\"elementor-widget-container\">\n\t\t\t\t\t\t\t<div class=\"\" data-filterargs='{\"post_type\":\"post\",\"posts_per_page\":10,\"order\":\"\",\"orderby\":\"modified\",\"no_found_rows\":1,\"ignore_sticky_posts\":1}' data-template=\"query_type1\" id=\"rh_filterid_244896675\" data-innerargs='{\"type\":\"2\"}'>\r\n\r\n\t\t\t\r\n\t\t\t\t<div class=\"magazinenews position-relative mb30 clearfix\">\r\n\t\t<div class=\"border-grey-bottom flowhidden pb15 rh-flex-center-align\">\r\n\t\t\t<div class=\"font250 hideonsmobile rehub-sec-color width-100 rh-num-counter rem-h1\"><\/div>\r\n\t\t\t<div class=\"magazinenews-desc rh-flex-grow1\">\r\n\t\t\t\t<h3 class=\"mt0 mb20 rem-h3\">\r\n\t\t\t\t\t<a href=\"https:\/\/finanpa.com\/de\/crowdestor\/\">\r\n\t\t\t\t\t\t<span class=\"rehub-main-color\">Crowdestor <\/span> Erfahrungen\t\t\t\t\t<\/a>\r\n\t\t\t\t<\/h3>\r\n\t\t\t\t<div class=\"meta post-meta mb15\">\r\n\t\t\t\t\t\t\t\t\t<\/div>\r\n\t\t\t\t\t\t\t\t<p class=\"mb15 greycolor hideonmobile lineheight20\">\r\n\t\t\t\t\t\n\n\n\n\n\n\n\n\nCrowdestor&nbsp;ist eine estnische Finanzierungsplattform, die 2018 gegr\u00fcndet wurde und derzeit in Riga (Lettland) sitzt. Sie ist auf ...\t\t\t\t<\/p>\r\n\t\t\t<\/div>\r\n\t\t\t<div class=\"magazinenews-img width-250 mobswidth-150 pl20 rh-flex-right-align\">\r\n\t\t\t\t<figure class=\"height-150 img-width-auto text-center\">\r\n\t\t\t\t\t\t\t\t\t\t<a href=\"https:\/\/finanpa.com\/de\/crowdestor\/\">\r\n\t\t\t\t\t\t<img decoding=\"async\" class=\"nolazyftheme\" src=\"https:\/\/finanpa.com\/wp-content\/uploads\/thumbs_dir\/Crowdestor-atsiliepimai-qw39euemgyrq5xsdfvu5azhey0k026itwkhgosfdgq.jpg\" width=\"220\" height=\"145\" alt=\"Crowdestor Erfahrungen\" \/>\t\t\t\t\t<\/a>\r\n\t\t\t\t<\/figure>\r\n\t\t\t<\/div>\r\n\t\t<\/div>\r\n\t<\/div>\r\n\t\t\t\r\n\t\t\t\t<div class=\"magazinenews position-relative mb30 clearfix\">\r\n\t\t<div class=\"border-grey-bottom flowhidden pb15 rh-flex-center-align\">\r\n\t\t\t<div class=\"font250 hideonsmobile rehub-sec-color width-100 rh-num-counter rem-h1\"><\/div>\r\n\t\t\t<div class=\"magazinenews-desc rh-flex-grow1\">\r\n\t\t\t\t<h3 class=\"mt0 mb20 rem-h3\">\r\n\t\t\t\t\t<a href=\"https:\/\/finanpa.com\/de\/die-besten-p2p-kreditplattformen\/\">\r\n\t\t\t\t\t\t<span class=\"rehub-main-color\">Die besten<\/span> P2P Plattformen in Europa\t\t\t\t\t<\/a>\r\n\t\t\t\t<\/h3>\r\n\t\t\t\t<div class=\"meta post-meta mb15\">\r\n\t\t\t\t\t\t\t\t\t<\/div>\r\n\t\t\t\t\t\t\t\t<p class=\"mb15 greycolor hideonmobile lineheight20\">\r\n\t\t\t\t\tDie besten P2P Plattformen in Europa\t\t\n\t\tEine Investmentplattform zu finden, der man vertraut, ist nicht einfach. W\u00e4hrend unserer Recherchen fanden ...\t\t\t\t<\/p>\r\n\t\t\t<\/div>\r\n\t\t\t<div class=\"magazinenews-img width-250 mobswidth-150 pl20 rh-flex-right-align\">\r\n\t\t\t\t<figure class=\"height-150 img-width-auto text-center\">\r\n\t\t\t\t\t\t\t\t\t\t<a href=\"https:\/\/finanpa.com\/de\/die-besten-p2p-kreditplattformen\/\">\r\n\t\t\t\t\t\t<img decoding=\"async\" class=\"nolazyftheme\" src=\"https:\/\/finanpa.com\/wp-content\/uploads\/thumbs_dir\/Investavimo-platformos-qw398f6brpz6tv48y3vx9lu0t87pgn0v0s00mqjnl6.jpg\" width=\"220\" height=\"145\" alt=\"Die besten P2P Plattformen in Europa\" \/>\t\t\t\t\t<\/a>\r\n\t\t\t\t<\/figure>\r\n\t\t\t<\/div>\r\n\t\t<\/div>\r\n\t<\/div>\r\n\t\t\t\r\n\t\t\t\t<div class=\"magazinenews position-relative mb30 clearfix\">\r\n\t\t<div class=\"border-grey-bottom flowhidden pb15 rh-flex-center-align\">\r\n\t\t\t<div class=\"font250 hideonsmobile rehub-sec-color width-100 rh-num-counter rem-h1\"><\/div>\r\n\t\t\t<div class=\"magazinenews-desc rh-flex-grow1\">\r\n\t\t\t\t<h3 class=\"mt0 mb20 rem-h3\">\r\n\t\t\t\t\t<a href=\"https:\/\/finanpa.com\/de\/estateguru\/\">\r\n\t\t\t\t\t\t<span class=\"rehub-main-color\">EstateGuru <\/span> Erfahrungen\t\t\t\t\t<\/a>\r\n\t\t\t\t<\/h3>\r\n\t\t\t\t<div class=\"meta post-meta mb15\">\r\n\t\t\t\t\t\t\t\t\t<\/div>\r\n\t\t\t\t\t\t\t\t<p class=\"mb15 greycolor hideonmobile lineheight20\">\r\n\t\t\t\t\tEstateGuru ist eine in Estland gegr\u00fcndete Plattform f\u00fcr Immobilieninvestitionen. Sie erleichtert Investitionen in Immobilien und erm\u00f6glicht es ...\t\t\t\t<\/p>\r\n\t\t\t<\/div>\r\n\t\t\t<div class=\"magazinenews-img width-250 mobswidth-150 pl20 rh-flex-right-align\">\r\n\t\t\t\t<figure class=\"height-150 img-width-auto text-center\">\r\n\t\t\t\t\t\t\t\t\t\t<a href=\"https:\/\/finanpa.com\/de\/estateguru\/\">\r\n\t\t\t\t\t\t<img decoding=\"async\" class=\"nolazyftheme\" src=\"https:\/\/finanpa.com\/wp-content\/uploads\/thumbs_dir\/Estateguru-atsiliepimai-qw39f01nlyzg3lk6iy9wpy26ibs7cd57xcedkg70fe.png\" width=\"220\" height=\"145\" alt=\"EstateGuru Erfahrungen\" \/>\t\t\t\t\t<\/a>\r\n\t\t\t\t<\/figure>\r\n\t\t\t<\/div>\r\n\t\t<\/div>\r\n\t<\/div>\r\n\t\t\t\r\n\t\t\t\t<div class=\"magazinenews position-relative mb30 clearfix\">\r\n\t\t<div class=\"border-grey-bottom flowhidden pb15 rh-flex-center-align\">\r\n\t\t\t<div class=\"font250 hideonsmobile rehub-sec-color width-100 rh-num-counter rem-h1\"><\/div>\r\n\t\t\t<div class=\"magazinenews-desc rh-flex-grow1\">\r\n\t\t\t\t<h3 class=\"mt0 mb20 rem-h3\">\r\n\t\t\t\t\t<a href=\"https:\/\/finanpa.com\/de\/mintos\/\">\r\n\t\t\t\t\t\t<span class=\"rehub-main-color\">Mintos <\/span> Erfahrungen\t\t\t\t\t<\/a>\r\n\t\t\t\t<\/h3>\r\n\t\t\t\t<div class=\"meta post-meta mb15\">\r\n\t\t\t\t\t\t\t\t\t<\/div>\r\n\t\t\t\t\t\t\t\t<p class=\"mb15 greycolor hideonmobile lineheight20\">\r\n\t\t\t\t\t\n\n\n\n\n\n\n\n\nMintos wurde 2015 in Lettland gegr\u00fcndet und ist eine der f\u00fchrenden Investitionsplattformen in Europa. Das Unternehmen besch\u00e4ftigt derzeit ...\t\t\t\t<\/p>\r\n\t\t\t<\/div>\r\n\t\t\t<div class=\"magazinenews-img width-250 mobswidth-150 pl20 rh-flex-right-align\">\r\n\t\t\t\t<figure class=\"height-150 img-width-auto text-center\">\r\n\t\t\t\t\t\t\t\t\t\t<a href=\"https:\/\/finanpa.com\/de\/mintos\/\">\r\n\t\t\t\t\t\t<img loading=\"lazy\" decoding=\"async\" class=\"nolazyftheme\" src=\"https:\/\/finanpa.com\/wp-content\/uploads\/thumbs_dir\/mintos-atsiliepimai-qw39eppfislajvz77bt0gio3z375zp067x81aemcbu.png\" width=\"220\" height=\"145\" alt=\"Mintos Erfahrungen\" \/>\t\t\t\t\t<\/a>\r\n\t\t\t\t<\/figure>\r\n\t\t\t<\/div>\r\n\t\t<\/div>\r\n\t<\/div>\r\n\t\t\r\n\t\t\r\n\t<\/div>\r\n\t<div class=\"clearfix\"><\/div>\r\n\r\n\t\t\t\t<\/div>\n\t\t\t\t<\/div>\n\t\t\t\t\t<\/div>\n\t\t<\/div>\n\t\t\t\t\t<\/div>\n\t\t<\/section>\n\t\t\t\t<\/div>\n\t\t","protected":false},"excerpt":{"rendered":"<p>Finanzdienstleister einfach online vergleichen Spar dir Zeit und Geld! Vergleiche Online-Kreditgeber, Investitionsplattformen und andere Finanzdienstleister ganz einfach auf einen Blick! Die besten P2P-Kreditplattformen in Europa Die besten P2P-Kreditplattformen in Europa Eine Investmentplattform zu finden, der man vertraut, ist nicht einfach. W\u00e4hrend unserer Recherchen fanden wir \u00fcber 100 Investitionsplattformen, auf denen Anleger aus europ\u00e4ischen L\u00e4ndern investieren [&hellip;]<\/p>\n","protected":false},"author":1,"featured_media":8242,"parent":0,"menu_order":0,"comment_status":"closed","ping_status":"closed","template":"elementor_header_footer","meta":{"footnotes":""},"class_list":["post-8241","page","type-page","status-publish","has-post-thumbnail","hentry"],"_links":{"self":[{"href":"https:\/\/finanpa.com\/de\/wp-json\/wp\/v2\/pages\/8241","targetHints":{"allow":["GET"]}}],"collection":[{"href":"https:\/\/finanpa.com\/de\/wp-json\/wp\/v2\/pages"}],"about":[{"href":"https:\/\/finanpa.com\/de\/wp-json\/wp\/v2\/types\/page"}],"author":[{"embeddable":true,"href":"https:\/\/finanpa.com\/de\/wp-json\/wp\/v2\/users\/1"}],"replies":[{"embeddable":true,"href":"https:\/\/finanpa.com\/de\/wp-json\/wp\/v2\/comments?post=8241"}],"version-history":[{"count":0,"href":"https:\/\/finanpa.com\/de\/wp-json\/wp\/v2\/pages\/8241\/revisions"}],"wp:featuredmedia":[{"embeddable":true,"href":"https:\/\/finanpa.com\/de\/wp-json\/wp\/v2\/media\/8242"}],"wp:attachment":[{"href":"https:\/\/finanpa.com\/de\/wp-json\/wp\/v2\/media?parent=8241"}],"curies":[{"name":"wp","href":"https:\/\/api.w.org\/{rel}","templated":true}]}}